{"id":9,"date":"2018-12-03T07:11:58","date_gmt":"2018-12-03T07:11:58","guid":{"rendered":"http:\/\/cartastrophy.at\/?page_id=9"},"modified":"2019-01-27T16:43:06","modified_gmt":"2019-01-27T16:43:06","slug":"impressum","status":"publish","type":"page","link":"https:\/\/cartastrophy.at\/?page_id=9","title":{"rendered":"Impressum"},"content":{"rendered":"<div>Impressum gem\u00e4\u00df der kleinen Offenlegungspflicht gem \u00a7 25 Abs 5 MedienG:<\/div>\n<div><\/div>\n<ul>\n<li>Medieninhaber: Christoph B\u00fcrbaumer, A-8063 Eggersdorf, Stuhlsdorferstra\u00dfe 36<\/li>\n<li>Kontakt: <strong>info(a)cartastrophy.at<\/strong><\/li>\n<\/ul>\n<p>Dieser Webauftritt wird f\u00fcr diverse Projekte mit privatem Charakter ohne finanziellem Interesse genutzt.<\/p>\n<div class=\"post-views content-post post-9 entry-meta load-static\">\r\n\t\t\t\t<span class=\"post-views-icon dashicons dashicons-chart-bar\"><\/span> <span class=\"post-views-label\">Post Views:<\/span> <span class=\"post-views-count\">0<\/span>\r\n\t\t\t<\/div>\n<div><\/div>\n","protected":false},"excerpt":{"rendered":"<p>Impressum gem\u00e4\u00df der kleinen Offenlegungspflicht gem \u00a7 25 Abs 5 MedienG: Medieninhaber: Christoph B\u00fcrbaumer, A-8063 Eggersdorf, Stuhlsdorferstra\u00dfe 36 Kontakt: info(a)cartastrophy.at Dieser Webauftritt wird f\u00fcr diverse Projekte mit privatem Charakter ohne finanziellem Interesse genutzt.<\/p>\n","protected":false},"author":1,"featured_media":0,"parent":0,"menu_order":1,"comment_status":"closed","ping_status":"closed","template":"","meta":{"footnotes":""},"class_list":["post-9","page","type-page","status-publish","hentry"],"_links":{"self":[{"href":"https:\/\/cartastrophy.at\/index.php?rest_route=\/wp\/v2\/pages\/9","targetHints":{"allow":["GET"]}}],"collection":[{"href":"https:\/\/cartastrophy.at\/index.php?rest_route=\/wp\/v2\/pages"}],"about":[{"href":"https:\/\/cartastrophy.at\/index.php?rest_route=\/wp\/v2\/types\/page"}],"author":[{"embeddable":true,"href":"https:\/\/cartastrophy.at\/index.php?rest_route=\/wp\/v2\/users\/1"}],"replies":[{"embeddable":true,"href":"https:\/\/cartastrophy.at\/index.php?rest_route=%2Fwp%2Fv2%2Fcomments&post=9"}],"version-history":[{"count":3,"href":"https:\/\/cartastrophy.at\/index.php?rest_route=\/wp\/v2\/pages\/9\/revisions"}],"predecessor-version":[{"id":85,"href":"https:\/\/cartastrophy.at\/index.php?rest_route=\/wp\/v2\/pages\/9\/revisions\/85"}],"wp:attachment":[{"href":"https:\/\/cartastrophy.at\/index.php?rest_route=%2Fwp%2Fv2%2Fmedia&parent=9"}],"curies":[{"name":"wp","href":"https:\/\/api.w.org\/{rel}","templated":true}]}}